{"id":2,"date":"2019-04-11T14:13:14","date_gmt":"2019-04-11T14:13:14","guid":{"rendered":"http:\/\/essoluciones.com.ar\/?page_id=2"},"modified":"2022-06-13T23:18:04","modified_gmt":"2022-06-13T23:18:04","slug":"home","status":"publish","type":"page","link":"https:\/\/essoluciones.com.ar\/","title":{"rendered":"ES Soluciones"},"content":{"rendered":"\n<p>Somos una empresa que se dedica a brindar soluciones inform\u00e1ticas a empresas vinculadas a la hospitalidad. Estamos en este negocio desde hace 20 a\u00f1os.<\/p>\n\n\n\n<p>Contamos con capacidad de adaptaci\u00f3n y adecuaci\u00f3n de nuestros sistemas a las normas que constantemente surgen en el medio, ya sea a nivel impositivo, fiscal o de mercado.<\/p>\n\n\n\n<blockquote class=\"wp-block-quote\"><p>Nuestro objetivo es ofrecer soluciones simples, robustas y de calidad para mejorar y hacer m\u00e1s eficientes los procesos operativos de nuestros clientes.<\/p><\/blockquote>\n","protected":false},"excerpt":{"rendered":"<p>Somos una empresa que se dedica a brindar soluciones inform\u00e1ticas a empresas vinculadas a la hospitalidad. Estamos en este negocio desde hace 20 a\u00f1os. Contamos con capacidad de adaptaci\u00f3n y adecuaci\u00f3n de nuestros sistemas a las normas que constantemente surgen en el medio, ya sea a nivel impositivo, fiscal o de mercado. Nuestro objetivo es [&hellip;]<\/p>\n","protected":false},"author":1,"featured_media":0,"parent":0,"menu_order":0,"comment_status":"closed","ping_status":"closed","template":"","meta":[],"yoast_head":"<!-- This site is optimized with the Yoast SEO plugin v20.6 - https:\/\/yoast.com\/wordpress\/plugins\/seo\/ -->\r\n<title>ES Soluciones - ES SOLUCIONES<\/title>\r\n<meta name=\"robots\" content=\"index, follow, max-snippet:-1, max-image-preview:large, max-video-preview:-1\" \/>\r\n<link rel=\"canonical\" href=\"https:\/\/essoluciones.com.ar\/\" \/>\r\n<meta property=\"og:locale\" content=\"es_ES\" \/>\r\n<meta property=\"og:type\" content=\"article\" \/>\r\n<meta property=\"og:title\" content=\"ES Soluciones - ES SOLUCIONES\" \/>\r\n<meta property=\"og:description\" content=\"Somos una empresa que se dedica a brindar soluciones inform\u00e1ticas a empresas vinculadas a la hospitalidad. Estamos en este negocio desde hace 20 a\u00f1os. Contamos con capacidad de adaptaci\u00f3n y adecuaci\u00f3n de nuestros sistemas a las normas que constantemente surgen en el medio, ya sea a nivel impositivo, fiscal o de mercado. Nuestro objetivo es [&hellip;]\" \/>\r\n<meta property=\"og:url\" content=\"https:\/\/essoluciones.com.ar\/\" \/>\r\n<meta property=\"og:site_name\" content=\"ES SOLUCIONES\" \/>\r\n<meta property=\"article:modified_time\" content=\"2022-06-13T23:18:04+00:00\" \/>\r\n<meta name=\"twitter:card\" content=\"summary_large_image\" \/>\r\n<meta name=\"twitter:label1\" content=\"Tiempo de lectura\" \/>\n\t<meta name=\"twitter:data1\" content=\"1 minuto\" \/>\r\n<script type=\"application\/ld+json\" class=\"yoast-schema-graph\">{\"@context\":\"https:\/\/schema.org\",\"@graph\":[{\"@type\":\"WebPage\",\"@id\":\"https:\/\/essoluciones.com.ar\/\",\"url\":\"https:\/\/essoluciones.com.ar\/\",\"name\":\"ES Soluciones - ES SOLUCIONES\",\"isPartOf\":{\"@id\":\"https:\/\/essoluciones.com.ar\/#website\"},\"datePublished\":\"2019-04-11T14:13:14+00:00\",\"dateModified\":\"2022-06-13T23:18:04+00:00\",\"breadcrumb\":{\"@id\":\"https:\/\/essoluciones.com.ar\/#breadcrumb\"},\"inLanguage\":\"es-AR\",\"potentialAction\":[{\"@type\":\"ReadAction\",\"target\":[\"https:\/\/essoluciones.com.ar\/\"]}]},{\"@type\":\"BreadcrumbList\",\"@id\":\"https:\/\/essoluciones.com.ar\/#breadcrumb\",\"itemListElement\":[{\"@type\":\"ListItem\",\"position\":1,\"name\":\"Home\",\"item\":\"https:\/\/essoluciones.com.ar\/\"},{\"@type\":\"ListItem\",\"position\":2,\"name\":\"ES Soluciones\"}]},{\"@type\":\"WebSite\",\"@id\":\"https:\/\/essoluciones.com.ar\/#website\",\"url\":\"https:\/\/essoluciones.com.ar\/\",\"name\":\"ES SOLUCIONES\",\"description\":\"\",\"potentialAction\":[{\"@type\":\"SearchAction\",\"target\":{\"@type\":\"EntryPoint\",\"urlTemplate\":\"https:\/\/essoluciones.com.ar\/?s={search_term_string}\"},\"query-input\":\"required name=search_term_string\"}],\"inLanguage\":\"es-AR\"}]}<\/script>\r\n<!-- \/ Yoast SEO plugin. -->","yoast_head_json":{"title":"ES Soluciones - ES SOLUCIONES","robots":{"index":"index","follow":"follow","max-snippet":"max-snippet:-1","max-image-preview":"max-image-preview:large","max-video-preview":"max-video-preview:-1"},"canonical":"https:\/\/essoluciones.com.ar\/","og_locale":"es_ES","og_type":"article","og_title":"ES Soluciones - ES SOLUCIONES","og_description":"Somos una empresa que se dedica a brindar soluciones inform\u00e1ticas a empresas vinculadas a la hospitalidad. Estamos en este negocio desde hace 20 a\u00f1os. Contamos con capacidad de adaptaci\u00f3n y adecuaci\u00f3n de nuestros sistemas a las normas que constantemente surgen en el medio, ya sea a nivel impositivo, fiscal o de mercado. Nuestro objetivo es [&hellip;]","og_url":"https:\/\/essoluciones.com.ar\/","og_site_name":"ES SOLUCIONES","article_modified_time":"2022-06-13T23:18:04+00:00","twitter_card":"summary_large_image","twitter_misc":{"Tiempo de lectura":"1 minuto"},"schema":{"@context":"https:\/\/schema.org","@graph":[{"@type":"WebPage","@id":"https:\/\/essoluciones.com.ar\/","url":"https:\/\/essoluciones.com.ar\/","name":"ES Soluciones - ES SOLUCIONES","isPartOf":{"@id":"https:\/\/essoluciones.com.ar\/#website"},"datePublished":"2019-04-11T14:13:14+00:00","dateModified":"2022-06-13T23:18:04+00:00","breadcrumb":{"@id":"https:\/\/essoluciones.com.ar\/#breadcrumb"},"inLanguage":"es-AR","potentialAction":[{"@type":"ReadAction","target":["https:\/\/essoluciones.com.ar\/"]}]},{"@type":"BreadcrumbList","@id":"https:\/\/essoluciones.com.ar\/#breadcrumb","itemListElement":[{"@type":"ListItem","position":1,"name":"Home","item":"https:\/\/essoluciones.com.ar\/"},{"@type":"ListItem","position":2,"name":"ES Soluciones"}]},{"@type":"WebSite","@id":"https:\/\/essoluciones.com.ar\/#website","url":"https:\/\/essoluciones.com.ar\/","name":"ES SOLUCIONES","description":"","potentialAction":[{"@type":"SearchAction","target":{"@type":"EntryPoint","urlTemplate":"https:\/\/essoluciones.com.ar\/?s={search_term_string}"},"query-input":"required name=search_term_string"}],"inLanguage":"es-AR"}]}},"_links":{"self":[{"href":"https:\/\/essoluciones.com.ar\/index.php\/wp-json\/wp\/v2\/pages\/2"}],"collection":[{"href":"https:\/\/essoluciones.com.ar\/index.php\/wp-json\/wp\/v2\/pages"}],"about":[{"href":"https:\/\/essoluciones.com.ar\/index.php\/wp-json\/wp\/v2\/types\/page"}],"author":[{"embeddable":true,"href":"https:\/\/essoluciones.com.ar\/index.php\/wp-json\/wp\/v2\/users\/1"}],"replies":[{"embeddable":true,"href":"https:\/\/essoluciones.com.ar\/index.php\/wp-json\/wp\/v2\/comments?post=2"}],"version-history":[{"count":5,"href":"https:\/\/essoluciones.com.ar\/index.php\/wp-json\/wp\/v2\/pages\/2\/revisions"}],"predecessor-version":[{"id":234,"href":"https:\/\/essoluciones.com.ar\/index.php\/wp-json\/wp\/v2\/pages\/2\/revisions\/234"}],"wp:attachment":[{"href":"https:\/\/essoluciones.com.ar\/index.php\/wp-json\/wp\/v2\/media?parent=2"}],"curies":[{"name":"wp","href":"https:\/\/api.w.org\/{rel}","templated":true}]}}